{"id":5868,"date":"2020-07-01T12:43:01","date_gmt":"2020-07-01T12:43:01","guid":{"rendered":"https:\/\/vectral.fr\/accueil-english\/"},"modified":"2022-05-10T15:11:12","modified_gmt":"2022-05-10T15:11:12","slug":"accueil-english","status":"publish","type":"page","link":"https:\/\/vectral.fr\/en\/accueil-english\/","title":{"rendered":"Front Page &#8211; English"},"content":{"rendered":"","protected":false},"excerpt":{"rendered":"","protected":false},"author":2,"featured_media":0,"parent":0,"menu_order":0,"comment_status":"closed","ping_status":"closed","template":"","meta":[],"yoast_head":"<!-- This site is optimized with the Yoast SEO plugin v19.5.1 - https:\/\/yoast.com\/wordpress\/plugins\/seo\/ -->\n<title>Front Page - English | Vectral Industries<\/title>\n<meta name=\"description\" content=\"(Fran\u00e7ais) Vectral Industries, le sp\u00e9cialiste des solutions de mesure de d\u00e9placement et position pour des applications industrielles de pr\u00e9cision\" \/>\n<meta name=\"robots\" content=\"index, follow, max-snippet:-1, max-image-preview:large, max-video-preview:-1\" \/>\n<link rel=\"canonical\" href=\"https:\/\/vectral.fr\/en\/accueil-english\/\" \/>\n<meta property=\"og:locale\" content=\"en_US\" \/>\n<meta property=\"og:type\" content=\"article\" \/>\n<meta property=\"og:title\" content=\"Front Page - English | Vectral Industries\" \/>\n<meta property=\"og:description\" content=\"(Fran\u00e7ais) Vectral Industries, le sp\u00e9cialiste des solutions de mesure de d\u00e9placement et position pour des applications industrielles de pr\u00e9cision\" \/>\n<meta property=\"og:url\" content=\"https:\/\/vectral.fr\/en\/accueil-english\/\" \/>\n<meta property=\"og:site_name\" content=\"Vectral Industries\" \/>\n<meta property=\"article:publisher\" content=\"https:\/\/www.facebook.com\/Vectral.Industries\/\" \/>\n<meta property=\"article:modified_time\" content=\"2022-05-10T15:11:12+00:00\" \/>\n<meta name=\"twitter:card\" content=\"summary_large_image\" \/>\n<meta name=\"twitter:site\" content=\"@vectral_indus\" \/>\n<script type=\"application\/ld+json\" class=\"yoast-schema-graph\">{\"@context\":\"https:\/\/schema.org\",\"@graph\":[{\"@type\":\"WebPage\",\"@id\":\"https:\/\/vectral.fr\/en\/accueil-english\/\",\"url\":\"https:\/\/vectral.fr\/en\/accueil-english\/\",\"name\":\"Front Page - English | Vectral Industries\",\"isPartOf\":{\"@id\":\"https:\/\/vectral.fr\/en\/#website\"},\"datePublished\":\"2020-07-01T12:43:01+00:00\",\"dateModified\":\"2022-05-10T15:11:12+00:00\",\"description\":\"(Fran\u00e7ais) Vectral Industries, le sp\u00e9cialiste des solutions de mesure de d\u00e9placement et position pour des applications industrielles de pr\u00e9cision\",\"breadcrumb\":{\"@id\":\"https:\/\/vectral.fr\/en\/accueil-english\/#breadcrumb\"},\"inLanguage\":\"en-US\",\"potentialAction\":[{\"@type\":\"ReadAction\",\"target\":[\"https:\/\/vectral.fr\/en\/accueil-english\/\"]}]},{\"@type\":\"BreadcrumbList\",\"@id\":\"https:\/\/vectral.fr\/en\/accueil-english\/#breadcrumb\",\"itemListElement\":[{\"@type\":\"ListItem\",\"position\":1,\"name\":\"Accueil\",\"item\":\"https:\/\/vectral.fr\/en\/\"},{\"@type\":\"ListItem\",\"position\":2,\"name\":\"Front Page &#8211; English\"}]},{\"@type\":\"WebSite\",\"@id\":\"https:\/\/vectral.fr\/en\/#website\",\"url\":\"https:\/\/vectral.fr\/en\/\",\"name\":\"Vectral Industries\",\"description\":\"Measure and Control\",\"publisher\":{\"@id\":\"https:\/\/vectral.fr\/en\/#organization\"},\"potentialAction\":[{\"@type\":\"SearchAction\",\"target\":{\"@type\":\"EntryPoint\",\"urlTemplate\":\"https:\/\/vectral.fr\/en\/?s={search_term_string}\"},\"query-input\":\"required name=search_term_string\"}],\"inLanguage\":\"en-US\"},{\"@type\":\"Organization\",\"@id\":\"https:\/\/vectral.fr\/en\/#organization\",\"name\":\"VECTRAL INDUSTRIES\",\"url\":\"https:\/\/vectral.fr\/en\/\",\"sameAs\":[\"https:\/\/www.linkedin.com\/company\/vectral-industries\",\"https:\/\/www.facebook.com\/Vectral.Industries\/\",\"https:\/\/twitter.com\/vectral_indus\"],\"logo\":{\"@type\":\"ImageObject\",\"inLanguage\":\"en-US\",\"@id\":\"https:\/\/vectral.fr\/en\/#\/schema\/logo\/image\/\",\"url\":\"https:\/\/vectral.fr\/wp-content\/uploads\/2020\/06\/cropped-LOGO-VECTRAL-short.jpg\",\"contentUrl\":\"https:\/\/vectral.fr\/wp-content\/uploads\/2020\/06\/cropped-LOGO-VECTRAL-short.jpg\",\"width\":1216,\"height\":730,\"caption\":\"VECTRAL INDUSTRIES\"},\"image\":{\"@id\":\"https:\/\/vectral.fr\/en\/#\/schema\/logo\/image\/\"}}]}<\/script>\n<!-- \/ Yoast SEO plugin. -->","yoast_head_json":{"title":"Front Page - English | Vectral Industries","description":"(Fran\u00e7ais) Vectral Industries, le sp\u00e9cialiste des solutions de mesure de d\u00e9placement et position pour des applications industrielles de pr\u00e9cision","robots":{"index":"index","follow":"follow","max-snippet":"max-snippet:-1","max-image-preview":"max-image-preview:large","max-video-preview":"max-video-preview:-1"},"canonical":"https:\/\/vectral.fr\/en\/accueil-english\/","og_locale":"en_US","og_type":"article","og_title":"Front Page - English | Vectral Industries","og_description":"(Fran\u00e7ais) Vectral Industries, le sp\u00e9cialiste des solutions de mesure de d\u00e9placement et position pour des applications industrielles de pr\u00e9cision","og_url":"https:\/\/vectral.fr\/en\/accueil-english\/","og_site_name":"Vectral Industries","article_publisher":"https:\/\/www.facebook.com\/Vectral.Industries\/","article_modified_time":"2022-05-10T15:11:12+00:00","twitter_card":"summary_large_image","twitter_site":"@vectral_indus","schema":{"@context":"https:\/\/schema.org","@graph":[{"@type":"WebPage","@id":"https:\/\/vectral.fr\/en\/accueil-english\/","url":"https:\/\/vectral.fr\/en\/accueil-english\/","name":"Front Page - English | Vectral Industries","isPartOf":{"@id":"https:\/\/vectral.fr\/en\/#website"},"datePublished":"2020-07-01T12:43:01+00:00","dateModified":"2022-05-10T15:11:12+00:00","description":"(Fran\u00e7ais) Vectral Industries, le sp\u00e9cialiste des solutions de mesure de d\u00e9placement et position pour des applications industrielles de pr\u00e9cision","breadcrumb":{"@id":"https:\/\/vectral.fr\/en\/accueil-english\/#breadcrumb"},"inLanguage":"en-US","potentialAction":[{"@type":"ReadAction","target":["https:\/\/vectral.fr\/en\/accueil-english\/"]}]},{"@type":"BreadcrumbList","@id":"https:\/\/vectral.fr\/en\/accueil-english\/#breadcrumb","itemListElement":[{"@type":"ListItem","position":1,"name":"Accueil","item":"https:\/\/vectral.fr\/en\/"},{"@type":"ListItem","position":2,"name":"Front Page &#8211; English"}]},{"@type":"WebSite","@id":"https:\/\/vectral.fr\/en\/#website","url":"https:\/\/vectral.fr\/en\/","name":"Vectral Industries","description":"Measure and Control","publisher":{"@id":"https:\/\/vectral.fr\/en\/#organization"},"potentialAction":[{"@type":"SearchAction","target":{"@type":"EntryPoint","urlTemplate":"https:\/\/vectral.fr\/en\/?s={search_term_string}"},"query-input":"required name=search_term_string"}],"inLanguage":"en-US"},{"@type":"Organization","@id":"https:\/\/vectral.fr\/en\/#organization","name":"VECTRAL INDUSTRIES","url":"https:\/\/vectral.fr\/en\/","sameAs":["https:\/\/www.linkedin.com\/company\/vectral-industries","https:\/\/www.facebook.com\/Vectral.Industries\/","https:\/\/twitter.com\/vectral_indus"],"logo":{"@type":"ImageObject","inLanguage":"en-US","@id":"https:\/\/vectral.fr\/en\/#\/schema\/logo\/image\/","url":"https:\/\/vectral.fr\/wp-content\/uploads\/2020\/06\/cropped-LOGO-VECTRAL-short.jpg","contentUrl":"https:\/\/vectral.fr\/wp-content\/uploads\/2020\/06\/cropped-LOGO-VECTRAL-short.jpg","width":1216,"height":730,"caption":"VECTRAL INDUSTRIES"},"image":{"@id":"https:\/\/vectral.fr\/en\/#\/schema\/logo\/image\/"}}]}},"_links":{"self":[{"href":"https:\/\/vectral.fr\/en\/wp-json\/wp\/v2\/pages\/5868"}],"collection":[{"href":"https:\/\/vectral.fr\/en\/wp-json\/wp\/v2\/pages"}],"about":[{"href":"https:\/\/vectral.fr\/en\/wp-json\/wp\/v2\/types\/page"}],"author":[{"embeddable":true,"href":"https:\/\/vectral.fr\/en\/wp-json\/wp\/v2\/users\/2"}],"replies":[{"embeddable":true,"href":"https:\/\/vectral.fr\/en\/wp-json\/wp\/v2\/comments?post=5868"}],"version-history":[{"count":5,"href":"https:\/\/vectral.fr\/en\/wp-json\/wp\/v2\/pages\/5868\/revisions"}],"predecessor-version":[{"id":5897,"href":"https:\/\/vectral.fr\/en\/wp-json\/wp\/v2\/pages\/5868\/revisions\/5897"}],"wp:attachment":[{"href":"https:\/\/vectral.fr\/en\/wp-json\/wp\/v2\/media?parent=5868"}],"curies":[{"name":"wp","href":"https:\/\/api.w.org\/{rel}","templated":true}]}}